{"id":217,"date":"2016-11-04T13:06:42","date_gmt":"2016-11-04T13:06:42","guid":{"rendered":"https:\/\/lvmaja1.wpengine.com\/?page_id=217"},"modified":"2020-10-02T16:30:31","modified_gmt":"2020-10-02T13:30:31","slug":"tehnologija","status":"publish","type":"page","link":"https:\/\/lvmaja.lv\/en\/technology\/","title":{"rendered":"TECHNOLOGY"},"content":{"rendered":"","protected":false},"excerpt":{"rendered":"","protected":false},"author":1,"featured_media":316,"parent":0,"menu_order":0,"comment_status":"closed","ping_status":"closed","template":"","meta":{"_acf_changed":false,"footnotes":""},"class_list":["post-217","page","type-page","status-publish","has-post-thumbnail","hentry"],"acf":[],"yoast_head":"<!-- This site is optimized with the Yoast SEO plugin v27.5 - https:\/\/yoast.com\/product\/yoast-seo-wordpress\/ -->\n<title>Tehnolo\u0123ija - LV M\u0101ja - Latvij\u0101 rad\u012btas ka\u0146epju betona konstrukcijas<\/title>\n<meta name=\"description\" content=\"Esam izstr\u0101d\u0101ju\u0161i jaunu tehnolo\u0123iju k\u0101 ka\u0146epju betona pane\u013cus ra\u017eot r\u016bpnieciski, objekt\u0101 mont\u0101\u017eai nog\u0101d\u0101jot jau gatavas konstrukcijas.\" \/>\n<meta name=\"robots\" content=\"index, follow, max-snippet:-1, max-image-preview:large, max-video-preview:-1\" \/>\n<link rel=\"canonical\" href=\"https:\/\/lvmaja.lv\/en\/technology\/\" \/>\n<meta property=\"og:locale\" content=\"en_GB\" \/>\n<meta property=\"og:type\" content=\"article\" \/>\n<meta property=\"og:title\" content=\"Tehnolo\u0123ija - LV M\u0101ja - Latvij\u0101 rad\u012btas ka\u0146epju betona konstrukcijas\" \/>\n<meta property=\"og:description\" content=\"Esam izstr\u0101d\u0101ju\u0161i jaunu tehnolo\u0123iju k\u0101 ka\u0146epju betona pane\u013cus ra\u017eot r\u016bpnieciski, objekt\u0101 mont\u0101\u017eai nog\u0101d\u0101jot jau gatavas konstrukcijas.\" \/>\n<meta property=\"og:url\" content=\"https:\/\/lvmaja.lv\/en\/technology\/\" \/>\n<meta property=\"og:site_name\" content=\"LV M\u0101ja\" \/>\n<meta property=\"article:modified_time\" content=\"2020-10-02T13:30:31+00:00\" \/>\n<meta property=\"og:image\" content=\"https:\/\/lvmaja.lv\/wp-content\/uploads\/2019\/09\/LV_Maja-4-1500x969.jpg\" \/>\n\t<meta property=\"og:image:width\" content=\"1500\" \/>\n\t<meta property=\"og:image:height\" content=\"969\" \/>\n\t<meta property=\"og:image:type\" content=\"image\/jpeg\" \/>\n<meta name=\"twitter:card\" content=\"summary_large_image\" \/>\n<script type=\"application\/ld+json\" class=\"yoast-schema-graph\">{\"@context\":\"https:\\\/\\\/schema.org\",\"@graph\":[{\"@type\":\"WebPage\",\"@id\":\"https:\\\/\\\/lvmaja.lv\\\/tehnologija\\\/\",\"url\":\"https:\\\/\\\/lvmaja.lv\\\/tehnologija\\\/\",\"name\":\"Tehnolo\u0123ija - LV M\u0101ja - Latvij\u0101 rad\u012btas ka\u0146epju betona konstrukcijas\",\"isPartOf\":{\"@id\":\"https:\\\/\\\/lvmaja.lv\\\/#website\"},\"primaryImageOfPage\":{\"@id\":\"https:\\\/\\\/lvmaja.lv\\\/tehnologija\\\/#primaryimage\"},\"image\":{\"@id\":\"https:\\\/\\\/lvmaja.lv\\\/tehnologija\\\/#primaryimage\"},\"thumbnailUrl\":\"https:\\\/\\\/lvmaja.lv\\\/wp-content\\\/uploads\\\/2019\\\/09\\\/LV_Maja-4.jpg\",\"datePublished\":\"2016-11-04T13:06:42+00:00\",\"dateModified\":\"2020-10-02T13:30:31+00:00\",\"description\":\"Esam izstr\u0101d\u0101ju\u0161i jaunu tehnolo\u0123iju k\u0101 ka\u0146epju betona pane\u013cus ra\u017eot r\u016bpnieciski, objekt\u0101 mont\u0101\u017eai nog\u0101d\u0101jot jau gatavas konstrukcijas.\",\"breadcrumb\":{\"@id\":\"https:\\\/\\\/lvmaja.lv\\\/tehnologija\\\/#breadcrumb\"},\"inLanguage\":\"en-GB\",\"potentialAction\":[{\"@type\":\"ReadAction\",\"target\":[\"https:\\\/\\\/lvmaja.lv\\\/tehnologija\\\/\"]}]},{\"@type\":\"ImageObject\",\"inLanguage\":\"en-GB\",\"@id\":\"https:\\\/\\\/lvmaja.lv\\\/tehnologija\\\/#primaryimage\",\"url\":\"https:\\\/\\\/lvmaja.lv\\\/wp-content\\\/uploads\\\/2019\\\/09\\\/LV_Maja-4.jpg\",\"contentUrl\":\"https:\\\/\\\/lvmaja.lv\\\/wp-content\\\/uploads\\\/2019\\\/09\\\/LV_Maja-4.jpg\",\"width\":5404,\"height\":3491,\"caption\":\"LV M\u0101ja - ka\u0146epju betona m\u0101jas\"},{\"@type\":\"BreadcrumbList\",\"@id\":\"https:\\\/\\\/lvmaja.lv\\\/tehnologija\\\/#breadcrumb\",\"itemListElement\":[{\"@type\":\"ListItem\",\"position\":1,\"name\":\"Home\",\"item\":\"https:\\\/\\\/lvmaja.lv\\\/\"},{\"@type\":\"ListItem\",\"position\":2,\"name\":\"Tehnolo\u0123ija\"}]},{\"@type\":\"WebSite\",\"@id\":\"https:\\\/\\\/lvmaja.lv\\\/#website\",\"url\":\"https:\\\/\\\/lvmaja.lv\\\/\",\"name\":\"LV M\u0101ja\",\"description\":\"Koka un ka\u0146epju konstrukcijas\",\"publisher\":{\"@id\":\"https:\\\/\\\/lvmaja.lv\\\/#organization\"},\"potentialAction\":[{\"@type\":\"SearchAction\",\"target\":{\"@type\":\"EntryPoint\",\"urlTemplate\":\"https:\\\/\\\/lvmaja.lv\\\/?s={search_term_string}\"},\"query-input\":{\"@type\":\"PropertyValueSpecification\",\"valueRequired\":true,\"valueName\":\"search_term_string\"}}],\"inLanguage\":\"en-GB\"},{\"@type\":\"Organization\",\"@id\":\"https:\\\/\\\/lvmaja.lv\\\/#organization\",\"name\":\"LVM\u0101ja\",\"url\":\"https:\\\/\\\/lvmaja.lv\\\/\",\"logo\":{\"@type\":\"ImageObject\",\"inLanguage\":\"en-GB\",\"@id\":\"https:\\\/\\\/lvmaja.lv\\\/#\\\/schema\\\/logo\\\/image\\\/\",\"url\":\"https:\\\/\\\/lvmaja.lv\\\/wp-content\\\/uploads\\\/2019\\\/08\\\/LV-Maja-Favicon-512px.png\",\"contentUrl\":\"https:\\\/\\\/lvmaja.lv\\\/wp-content\\\/uploads\\\/2019\\\/08\\\/LV-Maja-Favicon-512px.png\",\"width\":512,\"height\":512,\"caption\":\"LVM\u0101ja\"},\"image\":{\"@id\":\"https:\\\/\\\/lvmaja.lv\\\/#\\\/schema\\\/logo\\\/image\\\/\"}}]}<\/script>\n<!-- \/ Yoast SEO plugin. -->","yoast_head_json":{"title":"Tehnolo\u0123ija - LV M\u0101ja - Latvij\u0101 rad\u012btas ka\u0146epju betona konstrukcijas","description":"Esam izstr\u0101d\u0101ju\u0161i jaunu tehnolo\u0123iju k\u0101 ka\u0146epju betona pane\u013cus ra\u017eot r\u016bpnieciski, objekt\u0101 mont\u0101\u017eai nog\u0101d\u0101jot jau gatavas konstrukcijas.","robots":{"index":"index","follow":"follow","max-snippet":"max-snippet:-1","max-image-preview":"max-image-preview:large","max-video-preview":"max-video-preview:-1"},"canonical":"https:\/\/lvmaja.lv\/en\/technology\/","og_locale":"en_GB","og_type":"article","og_title":"Tehnolo\u0123ija - LV M\u0101ja - Latvij\u0101 rad\u012btas ka\u0146epju betona konstrukcijas","og_description":"Esam izstr\u0101d\u0101ju\u0161i jaunu tehnolo\u0123iju k\u0101 ka\u0146epju betona pane\u013cus ra\u017eot r\u016bpnieciski, objekt\u0101 mont\u0101\u017eai nog\u0101d\u0101jot jau gatavas konstrukcijas.","og_url":"https:\/\/lvmaja.lv\/en\/technology\/","og_site_name":"LV M\u0101ja","article_modified_time":"2020-10-02T13:30:31+00:00","og_image":[{"width":1500,"height":969,"url":"https:\/\/lvmaja.lv\/wp-content\/uploads\/2019\/09\/LV_Maja-4-1500x969.jpg","type":"image\/jpeg"}],"twitter_card":"summary_large_image","schema":{"@context":"https:\/\/schema.org","@graph":[{"@type":"WebPage","@id":"https:\/\/lvmaja.lv\/tehnologija\/","url":"https:\/\/lvmaja.lv\/tehnologija\/","name":"Tehnolo\u0123ija - LV M\u0101ja - Latvij\u0101 rad\u012btas ka\u0146epju betona konstrukcijas","isPartOf":{"@id":"https:\/\/lvmaja.lv\/#website"},"primaryImageOfPage":{"@id":"https:\/\/lvmaja.lv\/tehnologija\/#primaryimage"},"image":{"@id":"https:\/\/lvmaja.lv\/tehnologija\/#primaryimage"},"thumbnailUrl":"https:\/\/lvmaja.lv\/wp-content\/uploads\/2019\/09\/LV_Maja-4.jpg","datePublished":"2016-11-04T13:06:42+00:00","dateModified":"2020-10-02T13:30:31+00:00","description":"Esam izstr\u0101d\u0101ju\u0161i jaunu tehnolo\u0123iju k\u0101 ka\u0146epju betona pane\u013cus ra\u017eot r\u016bpnieciski, objekt\u0101 mont\u0101\u017eai nog\u0101d\u0101jot jau gatavas konstrukcijas.","breadcrumb":{"@id":"https:\/\/lvmaja.lv\/tehnologija\/#breadcrumb"},"inLanguage":"en-GB","potentialAction":[{"@type":"ReadAction","target":["https:\/\/lvmaja.lv\/tehnologija\/"]}]},{"@type":"ImageObject","inLanguage":"en-GB","@id":"https:\/\/lvmaja.lv\/tehnologija\/#primaryimage","url":"https:\/\/lvmaja.lv\/wp-content\/uploads\/2019\/09\/LV_Maja-4.jpg","contentUrl":"https:\/\/lvmaja.lv\/wp-content\/uploads\/2019\/09\/LV_Maja-4.jpg","width":5404,"height":3491,"caption":"LV M\u0101ja - ka\u0146epju betona m\u0101jas"},{"@type":"BreadcrumbList","@id":"https:\/\/lvmaja.lv\/tehnologija\/#breadcrumb","itemListElement":[{"@type":"ListItem","position":1,"name":"Home","item":"https:\/\/lvmaja.lv\/"},{"@type":"ListItem","position":2,"name":"Tehnolo\u0123ija"}]},{"@type":"WebSite","@id":"https:\/\/lvmaja.lv\/#website","url":"https:\/\/lvmaja.lv\/","name":"LV M\u0101ja","description":"Constructions of wood and hemp","publisher":{"@id":"https:\/\/lvmaja.lv\/#organization"},"potentialAction":[{"@type":"SearchAction","target":{"@type":"EntryPoint","urlTemplate":"https:\/\/lvmaja.lv\/?s={search_term_string}"},"query-input":{"@type":"PropertyValueSpecification","valueRequired":true,"valueName":"search_term_string"}}],"inLanguage":"en-GB"},{"@type":"Organization","@id":"https:\/\/lvmaja.lv\/#organization","name":"LVM\u0101ja","url":"https:\/\/lvmaja.lv\/","logo":{"@type":"ImageObject","inLanguage":"en-GB","@id":"https:\/\/lvmaja.lv\/#\/schema\/logo\/image\/","url":"https:\/\/lvmaja.lv\/wp-content\/uploads\/2019\/08\/LV-Maja-Favicon-512px.png","contentUrl":"https:\/\/lvmaja.lv\/wp-content\/uploads\/2019\/08\/LV-Maja-Favicon-512px.png","width":512,"height":512,"caption":"LVM\u0101ja"},"image":{"@id":"https:\/\/lvmaja.lv\/#\/schema\/logo\/image\/"}}]}},"_links":{"self":[{"href":"https:\/\/lvmaja.lv\/en\/wp-json\/wp\/v2\/pages\/217","targetHints":{"allow":["GET"]}}],"collection":[{"href":"https:\/\/lvmaja.lv\/en\/wp-json\/wp\/v2\/pages"}],"about":[{"href":"https:\/\/lvmaja.lv\/en\/wp-json\/wp\/v2\/types\/page"}],"author":[{"embeddable":true,"href":"https:\/\/lvmaja.lv\/en\/wp-json\/wp\/v2\/users\/1"}],"replies":[{"embeddable":true,"href":"https:\/\/lvmaja.lv\/en\/wp-json\/wp\/v2\/comments?post=217"}],"version-history":[{"count":5,"href":"https:\/\/lvmaja.lv\/en\/wp-json\/wp\/v2\/pages\/217\/revisions"}],"predecessor-version":[{"id":961,"href":"https:\/\/lvmaja.lv\/en\/wp-json\/wp\/v2\/pages\/217\/revisions\/961"}],"wp:featuredmedia":[{"embeddable":true,"href":"https:\/\/lvmaja.lv\/en\/wp-json\/wp\/v2\/media\/316"}],"wp:attachment":[{"href":"https:\/\/lvmaja.lv\/en\/wp-json\/wp\/v2\/media?parent=217"}],"curies":[{"name":"wp","href":"https:\/\/api.w.org\/{rel}","templated":true}]}}