{"id":218,"date":"2016-11-04T09:59:28","date_gmt":"2016-11-04T09:59:28","guid":{"rendered":"https:\/\/lvmaja1.wpengine.com\/?page_id=218"},"modified":"2020-10-23T16:57:44","modified_gmt":"2020-10-23T13:57:44","slug":"home","status":"publish","type":"page","link":"https:\/\/lvmaja.lv\/en\/","title":{"rendered":"LV M\u0101ja"},"content":{"rendered":"","protected":false},"excerpt":{"rendered":"","protected":false},"author":1,"featured_media":684,"parent":0,"menu_order":0,"comment_status":"closed","ping_status":"closed","template":"","meta":{"_acf_changed":false,"footnotes":""},"class_list":["post-218","page","type-page","status-publish","has-post-thumbnail","hentry"],"acf":[],"yoast_head":"<!-- This site is optimized with the Yoast SEO plugin v27.5 - https:\/\/yoast.com\/product\/yoast-seo-wordpress\/ -->\n<title>LV M\u0101ja - Ka\u0146epju betona m\u0101jas<\/title>\n<meta name=\"description\" content=\"LV M\u0101jas pied\u0101v\u0101 ka\u0146epju betona m\u0101jas, k\u0101 ar\u012b koka un ka\u0146epju konstrukcijas, ka\u0146epju tehnolo\u0123ijas. M\u0113s b\u016bv\u0113jam ilgtsp\u0113j\u012bgas un vesel\u012bgas \u0123imenes m\u0101jas.\" \/>\n<meta name=\"robots\" content=\"index, follow, max-snippet:-1, max-image-preview:large, max-video-preview:-1\" \/>\n<link rel=\"canonical\" href=\"https:\/\/lvmaja.lv\/en\/\" \/>\n<meta property=\"og:locale\" content=\"en_GB\" \/>\n<meta property=\"og:type\" content=\"article\" \/>\n<meta property=\"og:title\" content=\"LV M\u0101ja - Ka\u0146epju betona m\u0101jas\" \/>\n<meta property=\"og:description\" content=\"LV M\u0101jas pied\u0101v\u0101 ka\u0146epju betona m\u0101jas, k\u0101 ar\u012b koka un ka\u0146epju konstrukcijas, ka\u0146epju tehnolo\u0123ijas. M\u0113s b\u016bv\u0113jam ilgtsp\u0113j\u012bgas un vesel\u012bgas \u0123imenes m\u0101jas.\" \/>\n<meta property=\"og:url\" content=\"https:\/\/lvmaja.lv\/en\/\" \/>\n<meta property=\"og:site_name\" content=\"LV M\u0101ja\" \/>\n<meta property=\"article:modified_time\" content=\"2020-10-23T13:57:44+00:00\" \/>\n<meta property=\"og:image\" content=\"https:\/\/lvmaja.lv\/wp-content\/uploads\/2019\/09\/HEMP_110_2-1500x843.jpg\" \/>\n\t<meta property=\"og:image:width\" content=\"1500\" \/>\n\t<meta property=\"og:image:height\" content=\"843\" \/>\n\t<meta property=\"og:image:type\" content=\"image\/jpeg\" \/>\n<meta name=\"twitter:card\" content=\"summary_large_image\" \/>\n<script type=\"application\/ld+json\" class=\"yoast-schema-graph\">{\"@context\":\"https:\\\/\\\/schema.org\",\"@graph\":[{\"@type\":\"WebPage\",\"@id\":\"https:\\\/\\\/lvmaja.lv\\\/\",\"url\":\"https:\\\/\\\/lvmaja.lv\\\/\",\"name\":\"LV M\u0101ja - Ka\u0146epju betona m\u0101jas\",\"isPartOf\":{\"@id\":\"https:\\\/\\\/lvmaja.lv\\\/#website\"},\"primaryImageOfPage\":{\"@id\":\"https:\\\/\\\/lvmaja.lv\\\/#primaryimage\"},\"image\":{\"@id\":\"https:\\\/\\\/lvmaja.lv\\\/#primaryimage\"},\"thumbnailUrl\":\"https:\\\/\\\/lvmaja.lv\\\/wp-content\\\/uploads\\\/2019\\\/09\\\/HEMP_110_2.jpg\",\"datePublished\":\"2016-11-04T09:59:28+00:00\",\"dateModified\":\"2020-10-23T13:57:44+00:00\",\"description\":\"LV M\u0101jas pied\u0101v\u0101 ka\u0146epju betona m\u0101jas, k\u0101 ar\u012b koka un ka\u0146epju konstrukcijas, ka\u0146epju tehnolo\u0123ijas. M\u0113s b\u016bv\u0113jam ilgtsp\u0113j\u012bgas un vesel\u012bgas \u0123imenes m\u0101jas.\",\"breadcrumb\":{\"@id\":\"https:\\\/\\\/lvmaja.lv\\\/#breadcrumb\"},\"inLanguage\":\"en-GB\",\"potentialAction\":[{\"@type\":\"ReadAction\",\"target\":[\"https:\\\/\\\/lvmaja.lv\\\/\"]}]},{\"@type\":\"ImageObject\",\"inLanguage\":\"en-GB\",\"@id\":\"https:\\\/\\\/lvmaja.lv\\\/#primaryimage\",\"url\":\"https:\\\/\\\/lvmaja.lv\\\/wp-content\\\/uploads\\\/2019\\\/09\\\/HEMP_110_2.jpg\",\"contentUrl\":\"https:\\\/\\\/lvmaja.lv\\\/wp-content\\\/uploads\\\/2019\\\/09\\\/HEMP_110_2.jpg\",\"width\":3500,\"height\":1967,\"caption\":\"LV M\u0101ja - ka\u0146epju betona m\u0101jas\"},{\"@type\":\"BreadcrumbList\",\"@id\":\"https:\\\/\\\/lvmaja.lv\\\/#breadcrumb\",\"itemListElement\":[{\"@type\":\"ListItem\",\"position\":1,\"name\":\"Home\",\"item\":\"https:\\\/\\\/lvmaja.lv\\\/\"},{\"@type\":\"ListItem\",\"position\":2,\"name\":\"LV M\u0101ja\"}]},{\"@type\":\"WebSite\",\"@id\":\"https:\\\/\\\/lvmaja.lv\\\/#website\",\"url\":\"https:\\\/\\\/lvmaja.lv\\\/\",\"name\":\"LV M\u0101ja\",\"description\":\"Koka un ka\u0146epju konstrukcijas\",\"publisher\":{\"@id\":\"https:\\\/\\\/lvmaja.lv\\\/#organization\"},\"potentialAction\":[{\"@type\":\"SearchAction\",\"target\":{\"@type\":\"EntryPoint\",\"urlTemplate\":\"https:\\\/\\\/lvmaja.lv\\\/?s={search_term_string}\"},\"query-input\":{\"@type\":\"PropertyValueSpecification\",\"valueRequired\":true,\"valueName\":\"search_term_string\"}}],\"inLanguage\":\"en-GB\"},{\"@type\":\"Organization\",\"@id\":\"https:\\\/\\\/lvmaja.lv\\\/#organization\",\"name\":\"LVM\u0101ja\",\"url\":\"https:\\\/\\\/lvmaja.lv\\\/\",\"logo\":{\"@type\":\"ImageObject\",\"inLanguage\":\"en-GB\",\"@id\":\"https:\\\/\\\/lvmaja.lv\\\/#\\\/schema\\\/logo\\\/image\\\/\",\"url\":\"https:\\\/\\\/lvmaja.lv\\\/wp-content\\\/uploads\\\/2019\\\/08\\\/LV-Maja-Favicon-512px.png\",\"contentUrl\":\"https:\\\/\\\/lvmaja.lv\\\/wp-content\\\/uploads\\\/2019\\\/08\\\/LV-Maja-Favicon-512px.png\",\"width\":512,\"height\":512,\"caption\":\"LVM\u0101ja\"},\"image\":{\"@id\":\"https:\\\/\\\/lvmaja.lv\\\/#\\\/schema\\\/logo\\\/image\\\/\"}}]}<\/script>\n<!-- \/ Yoast SEO plugin. -->","yoast_head_json":{"title":"LV Maja - Hemp concrete houses","description":"LV M\u0101jas pied\u0101v\u0101 ka\u0146epju betona m\u0101jas, k\u0101 ar\u012b koka un ka\u0146epju konstrukcijas, ka\u0146epju tehnolo\u0123ijas. M\u0113s b\u016bv\u0113jam ilgtsp\u0113j\u012bgas un vesel\u012bgas \u0123imenes m\u0101jas.","robots":{"index":"index","follow":"follow","max-snippet":"max-snippet:-1","max-image-preview":"max-image-preview:large","max-video-preview":"max-video-preview:-1"},"canonical":"https:\/\/lvmaja.lv\/en\/","og_locale":"en_GB","og_type":"article","og_title":"LV M\u0101ja - Ka\u0146epju betona m\u0101jas","og_description":"LV M\u0101jas pied\u0101v\u0101 ka\u0146epju betona m\u0101jas, k\u0101 ar\u012b koka un ka\u0146epju konstrukcijas, ka\u0146epju tehnolo\u0123ijas. M\u0113s b\u016bv\u0113jam ilgtsp\u0113j\u012bgas un vesel\u012bgas \u0123imenes m\u0101jas.","og_url":"https:\/\/lvmaja.lv\/en\/","og_site_name":"LV M\u0101ja","article_modified_time":"2020-10-23T13:57:44+00:00","og_image":[{"width":1500,"height":843,"url":"https:\/\/lvmaja.lv\/wp-content\/uploads\/2019\/09\/HEMP_110_2-1500x843.jpg","type":"image\/jpeg"}],"twitter_card":"summary_large_image","schema":{"@context":"https:\/\/schema.org","@graph":[{"@type":"WebPage","@id":"https:\/\/lvmaja.lv\/","url":"https:\/\/lvmaja.lv\/","name":"LV Maja - Hemp concrete houses","isPartOf":{"@id":"https:\/\/lvmaja.lv\/#website"},"primaryImageOfPage":{"@id":"https:\/\/lvmaja.lv\/#primaryimage"},"image":{"@id":"https:\/\/lvmaja.lv\/#primaryimage"},"thumbnailUrl":"https:\/\/lvmaja.lv\/wp-content\/uploads\/2019\/09\/HEMP_110_2.jpg","datePublished":"2016-11-04T09:59:28+00:00","dateModified":"2020-10-23T13:57:44+00:00","description":"LV M\u0101jas pied\u0101v\u0101 ka\u0146epju betona m\u0101jas, k\u0101 ar\u012b koka un ka\u0146epju konstrukcijas, ka\u0146epju tehnolo\u0123ijas. M\u0113s b\u016bv\u0113jam ilgtsp\u0113j\u012bgas un vesel\u012bgas \u0123imenes m\u0101jas.","breadcrumb":{"@id":"https:\/\/lvmaja.lv\/#breadcrumb"},"inLanguage":"en-GB","potentialAction":[{"@type":"ReadAction","target":["https:\/\/lvmaja.lv\/"]}]},{"@type":"ImageObject","inLanguage":"en-GB","@id":"https:\/\/lvmaja.lv\/#primaryimage","url":"https:\/\/lvmaja.lv\/wp-content\/uploads\/2019\/09\/HEMP_110_2.jpg","contentUrl":"https:\/\/lvmaja.lv\/wp-content\/uploads\/2019\/09\/HEMP_110_2.jpg","width":3500,"height":1967,"caption":"LV M\u0101ja - ka\u0146epju betona m\u0101jas"},{"@type":"BreadcrumbList","@id":"https:\/\/lvmaja.lv\/#breadcrumb","itemListElement":[{"@type":"ListItem","position":1,"name":"Home","item":"https:\/\/lvmaja.lv\/"},{"@type":"ListItem","position":2,"name":"LV M\u0101ja"}]},{"@type":"WebSite","@id":"https:\/\/lvmaja.lv\/#website","url":"https:\/\/lvmaja.lv\/","name":"LV M\u0101ja","description":"Constructions of wood and hemp","publisher":{"@id":"https:\/\/lvmaja.lv\/#organization"},"potentialAction":[{"@type":"SearchAction","target":{"@type":"EntryPoint","urlTemplate":"https:\/\/lvmaja.lv\/?s={search_term_string}"},"query-input":{"@type":"PropertyValueSpecification","valueRequired":true,"valueName":"search_term_string"}}],"inLanguage":"en-GB"},{"@type":"Organization","@id":"https:\/\/lvmaja.lv\/#organization","name":"LVM\u0101ja","url":"https:\/\/lvmaja.lv\/","logo":{"@type":"ImageObject","inLanguage":"en-GB","@id":"https:\/\/lvmaja.lv\/#\/schema\/logo\/image\/","url":"https:\/\/lvmaja.lv\/wp-content\/uploads\/2019\/08\/LV-Maja-Favicon-512px.png","contentUrl":"https:\/\/lvmaja.lv\/wp-content\/uploads\/2019\/08\/LV-Maja-Favicon-512px.png","width":512,"height":512,"caption":"LVM\u0101ja"},"image":{"@id":"https:\/\/lvmaja.lv\/#\/schema\/logo\/image\/"}}]}},"_links":{"self":[{"href":"https:\/\/lvmaja.lv\/en\/wp-json\/wp\/v2\/pages\/218","targetHints":{"allow":["GET"]}}],"collection":[{"href":"https:\/\/lvmaja.lv\/en\/wp-json\/wp\/v2\/pages"}],"about":[{"href":"https:\/\/lvmaja.lv\/en\/wp-json\/wp\/v2\/types\/page"}],"author":[{"embeddable":true,"href":"https:\/\/lvmaja.lv\/en\/wp-json\/wp\/v2\/users\/1"}],"replies":[{"embeddable":true,"href":"https:\/\/lvmaja.lv\/en\/wp-json\/wp\/v2\/comments?post=218"}],"version-history":[{"count":5,"href":"https:\/\/lvmaja.lv\/en\/wp-json\/wp\/v2\/pages\/218\/revisions"}],"predecessor-version":[{"id":966,"href":"https:\/\/lvmaja.lv\/en\/wp-json\/wp\/v2\/pages\/218\/revisions\/966"}],"wp:featuredmedia":[{"embeddable":true,"href":"https:\/\/lvmaja.lv\/en\/wp-json\/wp\/v2\/media\/684"}],"wp:attachment":[{"href":"https:\/\/lvmaja.lv\/en\/wp-json\/wp\/v2\/media?parent=218"}],"curies":[{"name":"wp","href":"https:\/\/api.w.org\/{rel}","templated":true}]}}