{"id":221,"date":"2016-11-02T11:31:08","date_gmt":"2016-11-02T11:31:08","guid":{"rendered":"https:\/\/lvmaja1.wpengine.com\/?page_id=221"},"modified":"2019-11-01T10:56:04","modified_gmt":"2019-11-01T08:56:04","slug":"projekti","status":"publish","type":"page","link":"https:\/\/lvmaja.lv\/en\/projects\/","title":{"rendered":"Projects"},"content":{"rendered":"","protected":false},"excerpt":{"rendered":"","protected":false},"author":1,"featured_media":684,"parent":0,"menu_order":0,"comment_status":"closed","ping_status":"closed","template":"","meta":{"_acf_changed":false,"footnotes":""},"class_list":["post-221","page","type-page","status-publish","has-post-thumbnail","hentry"],"acf":[],"yoast_head":"<!-- This site is optimized with the Yoast SEO plugin v27.5 - https:\/\/yoast.com\/product\/yoast-seo-wordpress\/ -->\n<title>Projekti - LV M\u0101ja - Ka\u0146epju betona m\u0101jas<\/title>\n<meta name=\"description\" content=\"Izmantojam tikai lab\u0101kos materi\u0101lus un produktus, lai pabeidzot b\u016bvniec\u012bbu, m\u016bsu klienti sav\u0101 \u012bpa\u0161um\u0101 sa\u0146emtu visaugst\u0101k\u0101s kvalit\u0101tes m\u0101jokli.\" \/>\n<meta name=\"robots\" content=\"index, follow, max-snippet:-1, max-image-preview:large, max-video-preview:-1\" \/>\n<link rel=\"canonical\" href=\"https:\/\/lvmaja.lv\/en\/projects\/\" \/>\n<meta property=\"og:locale\" content=\"en_GB\" \/>\n<meta property=\"og:type\" content=\"article\" \/>\n<meta property=\"og:title\" content=\"Projekti - LV M\u0101ja - Ka\u0146epju betona m\u0101jas\" \/>\n<meta property=\"og:description\" content=\"Izmantojam tikai lab\u0101kos materi\u0101lus un produktus, lai pabeidzot b\u016bvniec\u012bbu, m\u016bsu klienti sav\u0101 \u012bpa\u0161um\u0101 sa\u0146emtu visaugst\u0101k\u0101s kvalit\u0101tes m\u0101jokli.\" \/>\n<meta property=\"og:url\" content=\"https:\/\/lvmaja.lv\/en\/projects\/\" \/>\n<meta property=\"og:site_name\" content=\"LV M\u0101ja\" \/>\n<meta property=\"article:modified_time\" content=\"2019-11-01T08:56:04+00:00\" \/>\n<meta property=\"og:image\" content=\"https:\/\/lvmaja.lv\/wp-content\/uploads\/2019\/09\/HEMP_110_2-1500x843.jpg\" \/>\n\t<meta property=\"og:image:width\" content=\"1500\" \/>\n\t<meta property=\"og:image:height\" content=\"843\" \/>\n\t<meta property=\"og:image:type\" content=\"image\/jpeg\" \/>\n<meta name=\"twitter:card\" content=\"summary_large_image\" \/>\n<script type=\"application\/ld+json\" class=\"yoast-schema-graph\">{\"@context\":\"https:\\\/\\\/schema.org\",\"@graph\":[{\"@type\":\"WebPage\",\"@id\":\"https:\\\/\\\/lvmaja.lv\\\/projekti\\\/\",\"url\":\"https:\\\/\\\/lvmaja.lv\\\/projekti\\\/\",\"name\":\"Projekti - LV M\u0101ja - Ka\u0146epju betona m\u0101jas\",\"isPartOf\":{\"@id\":\"https:\\\/\\\/lvmaja.lv\\\/#website\"},\"primaryImageOfPage\":{\"@id\":\"https:\\\/\\\/lvmaja.lv\\\/projekti\\\/#primaryimage\"},\"image\":{\"@id\":\"https:\\\/\\\/lvmaja.lv\\\/projekti\\\/#primaryimage\"},\"thumbnailUrl\":\"https:\\\/\\\/lvmaja.lv\\\/wp-content\\\/uploads\\\/2019\\\/09\\\/HEMP_110_2.jpg\",\"datePublished\":\"2016-11-02T11:31:08+00:00\",\"dateModified\":\"2019-11-01T08:56:04+00:00\",\"description\":\"Izmantojam tikai lab\u0101kos materi\u0101lus un produktus, lai pabeidzot b\u016bvniec\u012bbu, m\u016bsu klienti sav\u0101 \u012bpa\u0161um\u0101 sa\u0146emtu visaugst\u0101k\u0101s kvalit\u0101tes m\u0101jokli.\",\"breadcrumb\":{\"@id\":\"https:\\\/\\\/lvmaja.lv\\\/projekti\\\/#breadcrumb\"},\"inLanguage\":\"en-GB\",\"potentialAction\":[{\"@type\":\"ReadAction\",\"target\":[\"https:\\\/\\\/lvmaja.lv\\\/projekti\\\/\"]}]},{\"@type\":\"ImageObject\",\"inLanguage\":\"en-GB\",\"@id\":\"https:\\\/\\\/lvmaja.lv\\\/projekti\\\/#primaryimage\",\"url\":\"https:\\\/\\\/lvmaja.lv\\\/wp-content\\\/uploads\\\/2019\\\/09\\\/HEMP_110_2.jpg\",\"contentUrl\":\"https:\\\/\\\/lvmaja.lv\\\/wp-content\\\/uploads\\\/2019\\\/09\\\/HEMP_110_2.jpg\",\"width\":3500,\"height\":1967,\"caption\":\"LV M\u0101ja - ka\u0146epju betona m\u0101jas\"},{\"@type\":\"BreadcrumbList\",\"@id\":\"https:\\\/\\\/lvmaja.lv\\\/projekti\\\/#breadcrumb\",\"itemListElement\":[{\"@type\":\"ListItem\",\"position\":1,\"name\":\"Home\",\"item\":\"https:\\\/\\\/lvmaja.lv\\\/\"},{\"@type\":\"ListItem\",\"position\":2,\"name\":\"Projekti\"}]},{\"@type\":\"WebSite\",\"@id\":\"https:\\\/\\\/lvmaja.lv\\\/#website\",\"url\":\"https:\\\/\\\/lvmaja.lv\\\/\",\"name\":\"LV M\u0101ja\",\"description\":\"Koka un ka\u0146epju konstrukcijas\",\"publisher\":{\"@id\":\"https:\\\/\\\/lvmaja.lv\\\/#organization\"},\"potentialAction\":[{\"@type\":\"SearchAction\",\"target\":{\"@type\":\"EntryPoint\",\"urlTemplate\":\"https:\\\/\\\/lvmaja.lv\\\/?s={search_term_string}\"},\"query-input\":{\"@type\":\"PropertyValueSpecification\",\"valueRequired\":true,\"valueName\":\"search_term_string\"}}],\"inLanguage\":\"en-GB\"},{\"@type\":\"Organization\",\"@id\":\"https:\\\/\\\/lvmaja.lv\\\/#organization\",\"name\":\"LVM\u0101ja\",\"url\":\"https:\\\/\\\/lvmaja.lv\\\/\",\"logo\":{\"@type\":\"ImageObject\",\"inLanguage\":\"en-GB\",\"@id\":\"https:\\\/\\\/lvmaja.lv\\\/#\\\/schema\\\/logo\\\/image\\\/\",\"url\":\"https:\\\/\\\/lvmaja.lv\\\/wp-content\\\/uploads\\\/2019\\\/08\\\/LV-Maja-Favicon-512px.png\",\"contentUrl\":\"https:\\\/\\\/lvmaja.lv\\\/wp-content\\\/uploads\\\/2019\\\/08\\\/LV-Maja-Favicon-512px.png\",\"width\":512,\"height\":512,\"caption\":\"LVM\u0101ja\"},\"image\":{\"@id\":\"https:\\\/\\\/lvmaja.lv\\\/#\\\/schema\\\/logo\\\/image\\\/\"}}]}<\/script>\n<!-- \/ Yoast SEO plugin. -->","yoast_head_json":{"title":"Projekti - LV M\u0101ja - Ka\u0146epju betona m\u0101jas","description":"Izmantojam tikai lab\u0101kos materi\u0101lus un produktus, lai pabeidzot b\u016bvniec\u012bbu, m\u016bsu klienti sav\u0101 \u012bpa\u0161um\u0101 sa\u0146emtu visaugst\u0101k\u0101s kvalit\u0101tes m\u0101jokli.","robots":{"index":"index","follow":"follow","max-snippet":"max-snippet:-1","max-image-preview":"max-image-preview:large","max-video-preview":"max-video-preview:-1"},"canonical":"https:\/\/lvmaja.lv\/en\/projects\/","og_locale":"en_GB","og_type":"article","og_title":"Projekti - LV M\u0101ja - Ka\u0146epju betona m\u0101jas","og_description":"Izmantojam tikai lab\u0101kos materi\u0101lus un produktus, lai pabeidzot b\u016bvniec\u012bbu, m\u016bsu klienti sav\u0101 \u012bpa\u0161um\u0101 sa\u0146emtu visaugst\u0101k\u0101s kvalit\u0101tes m\u0101jokli.","og_url":"https:\/\/lvmaja.lv\/en\/projects\/","og_site_name":"LV M\u0101ja","article_modified_time":"2019-11-01T08:56:04+00:00","og_image":[{"width":1500,"height":843,"url":"https:\/\/lvmaja.lv\/wp-content\/uploads\/2019\/09\/HEMP_110_2-1500x843.jpg","type":"image\/jpeg"}],"twitter_card":"summary_large_image","schema":{"@context":"https:\/\/schema.org","@graph":[{"@type":"WebPage","@id":"https:\/\/lvmaja.lv\/projekti\/","url":"https:\/\/lvmaja.lv\/projekti\/","name":"Projekti - LV M\u0101ja - Ka\u0146epju betona m\u0101jas","isPartOf":{"@id":"https:\/\/lvmaja.lv\/#website"},"primaryImageOfPage":{"@id":"https:\/\/lvmaja.lv\/projekti\/#primaryimage"},"image":{"@id":"https:\/\/lvmaja.lv\/projekti\/#primaryimage"},"thumbnailUrl":"https:\/\/lvmaja.lv\/wp-content\/uploads\/2019\/09\/HEMP_110_2.jpg","datePublished":"2016-11-02T11:31:08+00:00","dateModified":"2019-11-01T08:56:04+00:00","description":"Izmantojam tikai lab\u0101kos materi\u0101lus un produktus, lai pabeidzot b\u016bvniec\u012bbu, m\u016bsu klienti sav\u0101 \u012bpa\u0161um\u0101 sa\u0146emtu visaugst\u0101k\u0101s kvalit\u0101tes m\u0101jokli.","breadcrumb":{"@id":"https:\/\/lvmaja.lv\/projekti\/#breadcrumb"},"inLanguage":"en-GB","potentialAction":[{"@type":"ReadAction","target":["https:\/\/lvmaja.lv\/projekti\/"]}]},{"@type":"ImageObject","inLanguage":"en-GB","@id":"https:\/\/lvmaja.lv\/projekti\/#primaryimage","url":"https:\/\/lvmaja.lv\/wp-content\/uploads\/2019\/09\/HEMP_110_2.jpg","contentUrl":"https:\/\/lvmaja.lv\/wp-content\/uploads\/2019\/09\/HEMP_110_2.jpg","width":3500,"height":1967,"caption":"LV M\u0101ja - ka\u0146epju betona m\u0101jas"},{"@type":"BreadcrumbList","@id":"https:\/\/lvmaja.lv\/projekti\/#breadcrumb","itemListElement":[{"@type":"ListItem","position":1,"name":"Home","item":"https:\/\/lvmaja.lv\/"},{"@type":"ListItem","position":2,"name":"Projekti"}]},{"@type":"WebSite","@id":"https:\/\/lvmaja.lv\/#website","url":"https:\/\/lvmaja.lv\/","name":"LV M\u0101ja","description":"Constructions of wood and hemp","publisher":{"@id":"https:\/\/lvmaja.lv\/#organization"},"potentialAction":[{"@type":"SearchAction","target":{"@type":"EntryPoint","urlTemplate":"https:\/\/lvmaja.lv\/?s={search_term_string}"},"query-input":{"@type":"PropertyValueSpecification","valueRequired":true,"valueName":"search_term_string"}}],"inLanguage":"en-GB"},{"@type":"Organization","@id":"https:\/\/lvmaja.lv\/#organization","name":"LVM\u0101ja","url":"https:\/\/lvmaja.lv\/","logo":{"@type":"ImageObject","inLanguage":"en-GB","@id":"https:\/\/lvmaja.lv\/#\/schema\/logo\/image\/","url":"https:\/\/lvmaja.lv\/wp-content\/uploads\/2019\/08\/LV-Maja-Favicon-512px.png","contentUrl":"https:\/\/lvmaja.lv\/wp-content\/uploads\/2019\/08\/LV-Maja-Favicon-512px.png","width":512,"height":512,"caption":"LVM\u0101ja"},"image":{"@id":"https:\/\/lvmaja.lv\/#\/schema\/logo\/image\/"}}]}},"_links":{"self":[{"href":"https:\/\/lvmaja.lv\/en\/wp-json\/wp\/v2\/pages\/221","targetHints":{"allow":["GET"]}}],"collection":[{"href":"https:\/\/lvmaja.lv\/en\/wp-json\/wp\/v2\/pages"}],"about":[{"href":"https:\/\/lvmaja.lv\/en\/wp-json\/wp\/v2\/types\/page"}],"author":[{"embeddable":true,"href":"https:\/\/lvmaja.lv\/en\/wp-json\/wp\/v2\/users\/1"}],"replies":[{"embeddable":true,"href":"https:\/\/lvmaja.lv\/en\/wp-json\/wp\/v2\/comments?post=221"}],"version-history":[{"count":5,"href":"https:\/\/lvmaja.lv\/en\/wp-json\/wp\/v2\/pages\/221\/revisions"}],"predecessor-version":[{"id":822,"href":"https:\/\/lvmaja.lv\/en\/wp-json\/wp\/v2\/pages\/221\/revisions\/822"}],"wp:featuredmedia":[{"embeddable":true,"href":"https:\/\/lvmaja.lv\/en\/wp-json\/wp\/v2\/media\/684"}],"wp:attachment":[{"href":"https:\/\/lvmaja.lv\/en\/wp-json\/wp\/v2\/media?parent=221"}],"curies":[{"name":"wp","href":"https:\/\/api.w.org\/{rel}","templated":true}]}}